{"id":84,"date":"2025-11-12T10:00:33","date_gmt":"2025-11-12T13:00:33","guid":{"rendered":"https:\/\/byannevargas.com\/?page_id=84"},"modified":"2025-12-08T19:18:25","modified_gmt":"2025-12-08T22:18:25","slug":"portfolio","status":"publish","type":"page","link":"https:\/\/byannevargas.com\/?page_id=84","title":{"rendered":"Portf\u00f3lio"},"content":{"rendered":"\n\n\n\n\n\n\n\n\n\n\n\n","protected":false},"excerpt":{"rendered":"","protected":false},"author":1,"featured_media":0,"parent":0,"menu_order":0,"comment_status":"closed","ping_status":"closed","template":"full-width","meta":{"saved_in_kubio":true,"footnotes":""},"class_list":["post-84","page","type-page","status-publish","hentry"],"kubio_ai_page_context":{"short_desc":"Este portf\u00f3lio apresenta uma sele\u00e7\u00e3o dos projetos de especialidades desenvolvidos pela Byanne Vargas, destacando a qualidade t\u00e9cnica e o rigor aplicados em cada trabalho. Aqui, re\u00fano projetos nas \u00e1reas de estabilidade, \u00e1guas, esgotos, pluviais e arquitetura, elaborados com precis\u00e3o e foco na seguran\u00e7a e efici\u00eancia das constru\u00e7\u00f5es. O objetivo desta p\u00e1gina \u00e9 mostrar a diversidade de solu\u00e7\u00f5es criadas, evidenciar a experi\u00eancia adquirida ao longo dos anos e demonstrar a capacidade de transformar necessidades espec\u00edficas em projetos completos, funcionais e alinhados \u00e0s normas em Portugal e no Brasil.","purpose":"general","isFrontPage":false},"yoast_head":"<!-- This site is optimized with the Yoast SEO plugin v27.3 - https:\/\/yoast.com\/product\/yoast-seo-wordpress\/ -->\n<title>Portf\u00f3lio - Byanne Vargas<\/title>\n<meta name=\"robots\" content=\"index, follow, max-snippet:-1, max-image-preview:large, max-video-preview:-1\" \/>\n<link rel=\"canonical\" href=\"https:\/\/byannevargas.com\/?page_id=84\" \/>\n<meta property=\"og:locale\" content=\"en_US\" \/>\n<meta property=\"og:type\" content=\"article\" \/>\n<meta property=\"og:title\" content=\"Portf\u00f3lio - Byanne Vargas\" \/>\n<meta property=\"og:url\" content=\"https:\/\/byannevargas.com\/?page_id=84\" \/>\n<meta property=\"og:site_name\" content=\"Byanne Vargas\" \/>\n<meta property=\"article:modified_time\" content=\"2025-12-08T22:18:25+00:00\" \/>\n<meta name=\"twitter:card\" content=\"summary_large_image\" \/>\n<meta name=\"twitter:label1\" content=\"Est. reading time\" \/>\n\t<meta name=\"twitter:data1\" content=\"3 minutes\" \/>\n<script type=\"application\/ld+json\" class=\"yoast-schema-graph\">{\"@context\":\"https:\\\/\\\/schema.org\",\"@graph\":[{\"@type\":\"WebPage\",\"@id\":\"https:\\\/\\\/byannevargas.com\\\/?page_id=84\",\"url\":\"https:\\\/\\\/byannevargas.com\\\/?page_id=84\",\"name\":\"Portf\u00f3lio - Byanne Vargas\",\"isPartOf\":{\"@id\":\"http:\\\/\\\/byannevargas.com\\\/#website\"},\"datePublished\":\"2025-11-12T13:00:33+00:00\",\"dateModified\":\"2025-12-08T22:18:25+00:00\",\"breadcrumb\":{\"@id\":\"https:\\\/\\\/byannevargas.com\\\/?page_id=84#breadcrumb\"},\"inLanguage\":\"en-US\",\"potentialAction\":[{\"@type\":\"ReadAction\",\"target\":[\"https:\\\/\\\/byannevargas.com\\\/?page_id=84\"]}]},{\"@type\":\"BreadcrumbList\",\"@id\":\"https:\\\/\\\/byannevargas.com\\\/?page_id=84#breadcrumb\",\"itemListElement\":[{\"@type\":\"ListItem\",\"position\":1,\"name\":\"Home\",\"item\":\"http:\\\/\\\/byannevargas.com\\\/\"},{\"@type\":\"ListItem\",\"position\":2,\"name\":\"Portf\u00f3lio\"}]},{\"@type\":\"WebSite\",\"@id\":\"http:\\\/\\\/byannevargas.com\\\/#website\",\"url\":\"http:\\\/\\\/byannevargas.com\\\/\",\"name\":\"Byanne Vargas\",\"description\":\"Engenheira Civil\",\"publisher\":{\"@id\":\"http:\\\/\\\/byannevargas.com\\\/#organization\"},\"potentialAction\":[{\"@type\":\"SearchAction\",\"target\":{\"@type\":\"EntryPoint\",\"urlTemplate\":\"http:\\\/\\\/byannevargas.com\\\/?s={search_term_string}\"},\"query-input\":{\"@type\":\"PropertyValueSpecification\",\"valueRequired\":true,\"valueName\":\"search_term_string\"}}],\"inLanguage\":\"en-US\"},{\"@type\":\"Organization\",\"@id\":\"http:\\\/\\\/byannevargas.com\\\/#organization\",\"name\":\"Byanne Vargas\",\"url\":\"http:\\\/\\\/byannevargas.com\\\/\",\"logo\":{\"@type\":\"ImageObject\",\"inLanguage\":\"en-US\",\"@id\":\"http:\\\/\\\/byannevargas.com\\\/#\\\/schema\\\/logo\\\/image\\\/\",\"url\":\"https:\\\/\\\/byannevargas.com\\\/wp-content\\\/uploads\\\/2025\\\/11\\\/Logo-Byanne-1.png\",\"contentUrl\":\"https:\\\/\\\/byannevargas.com\\\/wp-content\\\/uploads\\\/2025\\\/11\\\/Logo-Byanne-1.png\",\"width\":259,\"height\":290,\"caption\":\"Byanne Vargas\"},\"image\":{\"@id\":\"http:\\\/\\\/byannevargas.com\\\/#\\\/schema\\\/logo\\\/image\\\/\"}}]}<\/script>\n<!-- \/ Yoast SEO plugin. -->","yoast_head_json":{"title":"Portf\u00f3lio - Byanne Vargas","robots":{"index":"index","follow":"follow","max-snippet":"max-snippet:-1","max-image-preview":"max-image-preview:large","max-video-preview":"max-video-preview:-1"},"canonical":"https:\/\/byannevargas.com\/?page_id=84","og_locale":"en_US","og_type":"article","og_title":"Portf\u00f3lio - Byanne Vargas","og_url":"https:\/\/byannevargas.com\/?page_id=84","og_site_name":"Byanne Vargas","article_modified_time":"2025-12-08T22:18:25+00:00","twitter_card":"summary_large_image","twitter_misc":{"Est. reading time":"3 minutes"},"schema":{"@context":"https:\/\/schema.org","@graph":[{"@type":"WebPage","@id":"https:\/\/byannevargas.com\/?page_id=84","url":"https:\/\/byannevargas.com\/?page_id=84","name":"Portf\u00f3lio - Byanne Vargas","isPartOf":{"@id":"http:\/\/byannevargas.com\/#website"},"datePublished":"2025-11-12T13:00:33+00:00","dateModified":"2025-12-08T22:18:25+00:00","breadcrumb":{"@id":"https:\/\/byannevargas.com\/?page_id=84#breadcrumb"},"inLanguage":"en-US","potentialAction":[{"@type":"ReadAction","target":["https:\/\/byannevargas.com\/?page_id=84"]}]},{"@type":"BreadcrumbList","@id":"https:\/\/byannevargas.com\/?page_id=84#breadcrumb","itemListElement":[{"@type":"ListItem","position":1,"name":"Home","item":"http:\/\/byannevargas.com\/"},{"@type":"ListItem","position":2,"name":"Portf\u00f3lio"}]},{"@type":"WebSite","@id":"http:\/\/byannevargas.com\/#website","url":"http:\/\/byannevargas.com\/","name":"Byanne Vargas","description":"Engenheira Civil","publisher":{"@id":"http:\/\/byannevargas.com\/#organization"},"potentialAction":[{"@type":"SearchAction","target":{"@type":"EntryPoint","urlTemplate":"http:\/\/byannevargas.com\/?s={search_term_string}"},"query-input":{"@type":"PropertyValueSpecification","valueRequired":true,"valueName":"search_term_string"}}],"inLanguage":"en-US"},{"@type":"Organization","@id":"http:\/\/byannevargas.com\/#organization","name":"Byanne Vargas","url":"http:\/\/byannevargas.com\/","logo":{"@type":"ImageObject","inLanguage":"en-US","@id":"http:\/\/byannevargas.com\/#\/schema\/logo\/image\/","url":"https:\/\/byannevargas.com\/wp-content\/uploads\/2025\/11\/Logo-Byanne-1.png","contentUrl":"https:\/\/byannevargas.com\/wp-content\/uploads\/2025\/11\/Logo-Byanne-1.png","width":259,"height":290,"caption":"Byanne Vargas"},"image":{"@id":"http:\/\/byannevargas.com\/#\/schema\/logo\/image\/"}}]}},"_links":{"self":[{"href":"https:\/\/byannevargas.com\/index.php?rest_route=\/wp\/v2\/pages\/84","targetHints":{"allow":["GET"]}}],"collection":[{"href":"https:\/\/byannevargas.com\/index.php?rest_route=\/wp\/v2\/pages"}],"about":[{"href":"https:\/\/byannevargas.com\/index.php?rest_route=\/wp\/v2\/types\/page"}],"author":[{"embeddable":true,"href":"https:\/\/byannevargas.com\/index.php?rest_route=\/wp\/v2\/users\/1"}],"replies":[{"embeddable":true,"href":"https:\/\/byannevargas.com\/index.php?rest_route=%2Fwp%2Fv2%2Fcomments&post=84"}],"version-history":[{"count":4,"href":"https:\/\/byannevargas.com\/index.php?rest_route=\/wp\/v2\/pages\/84\/revisions"}],"predecessor-version":[{"id":351,"href":"https:\/\/byannevargas.com\/index.php?rest_route=\/wp\/v2\/pages\/84\/revisions\/351"}],"wp:attachment":[{"href":"https:\/\/byannevargas.com\/index.php?rest_route=%2Fwp%2Fv2%2Fmedia&parent=84"}],"curies":[{"name":"wp","href":"https:\/\/api.w.org\/{rel}","templated":true}]}}